{"id":4946,"date":"2022-03-09T20:04:02","date_gmt":"2022-03-09T20:04:02","guid":{"rendered":"https:\/\/quaisolutions.ca\/language\/"},"modified":"2022-03-12T19:28:03","modified_gmt":"2022-03-12T19:28:03","slug":"language","status":"publish","type":"page","link":"https:\/\/quaisolutions.ca\/fr\/language\/","title":{"rendered":"Language"},"content":{"rendered":"\t\t<div data-elementor-type=\"wp-page\" data-elementor-id=\"4946\" class=\"elementor elementor-4946\" data-elementor-post-type=\"page\">\n\t\t\t\t\t\t<section class=\"has_eae_slider has_ae_slider elementor-section elementor-top-section elementor-element elementor-element-3189533 elementor-section-boxed elementor-section-height-default elementor-section-height-default ae-bg-gallery-type-default\" data-eae-slider=\"75037\" data-id=\"3189533\" data-element_type=\"section\" data-e-type=\"section\">\n\t\t\t\t\t\t<div class=\"elementor-container elementor-column-gap-default\">\n\t\t\t\t\t<div class=\"has_eae_slider has_ae_slider elementor-column elementor-col-100 elementor-top-column elementor-element elementor-element-4d2a70f ae-bg-gallery-type-default\" data-eae-slider=\"45098\" data-id=\"4d2a70f\" data-element_type=\"column\" data-e-type=\"column\">\n\t\t\t<div class=\"elementor-widget-wrap elementor-element-populated\">\n\t\t\t\t\t\t<div class=\"elementor-element elementor-element-c45af79 elementor-position-top elementor-widget elementor-widget-global elementor-global-4941 elementor-widget-image-box\" data-id=\"c45af79\" data-element_type=\"widget\" data-e-type=\"widget\" data-widget_type=\"image-box.default\">\n\t\t\t\t<div class=\"elementor-widget-container\">\n\t\t\t\t\t<div class=\"elementor-image-box-wrapper\"><figure class=\"elementor-image-box-img\"><img decoding=\"async\" src=\"https:\/\/quaisolutions.ca\/wp-content\/plugins\/elementor\/assets\/images\/placeholder.png\" title=\"\" alt=\"\" loading=\"lazy\" \/><\/figure><div class=\"elementor-image-box-content\"><h3 class=\"elementor-image-box-title\">C'est la rubrique<\/h3><p class=\"elementor-image-box-description\">Fiers partenaires de Suntream et Quais Bertrand. Parcourez notre section de produits pour d\u00e9couvrir la vaste gamme de quais, d'\u00e9l\u00e9vateurs \u00e0 bateaux et d'accessoires disponibles!<\/p><\/div><\/div>\t\t\t\t<\/div>\n\t\t\t\t<\/div>\n\t\t\t\t\t<\/div>\n\t\t<\/div>\n\t\t\t\t\t<\/div>\n\t\t<\/section>\n\t\t\t\t<\/div>\n\t\t","protected":false},"excerpt":{"rendered":"<p>This is the heading Proud partners of Suntream and Quais Bertrand. Browse through our products section to find out about the wide range of docks, boat lifts and accessories available!<\/p>\n","protected":false},"author":1,"featured_media":0,"parent":0,"menu_order":0,"comment_status":"closed","ping_status":"closed","template":"elementor_header_footer","meta":{"_acf_changed":false,"footnotes":""},"class_list":["post-4946","page","type-page","status-publish","hentry"],"acf":[],"yoast_head":"<!-- This site is optimized with the Yoast SEO plugin v27.3 - https:\/\/yoast.com\/product\/yoast-seo-wordpress\/ -->\n<title>Quai Solutions &#8211; Language<\/title>\n<meta name=\"description\" content=\"Quai Solutions specializes in high-quality docks and boat lifts, offering custom installations, maintenance, and nautical accessories to enhance your waterfront experience across Quebec.\" \/>\n<meta name=\"robots\" content=\"index, follow, max-snippet:-1, max-image-preview:large, max-video-preview:-1\" \/>\n<link rel=\"canonical\" href=\"https:\/\/quaisolutions.ca\/language\/\" \/>\n<meta property=\"og:locale\" content=\"fr_FR\" \/>\n<meta property=\"og:type\" content=\"article\" \/>\n<meta property=\"og:title\" content=\"Quai Solutions &#8211; Language\" \/>\n<meta property=\"og:description\" content=\"Quai Solutions specializes in high-quality docks and boat lifts, offering custom installations, maintenance, and nautical accessories to enhance your waterfront experience across Quebec.\" \/>\n<meta property=\"og:url\" content=\"https:\/\/quaisolutions.ca\/language\/\" \/>\n<meta property=\"og:site_name\" content=\"Quai Solutions\" \/>\n<meta property=\"article:modified_time\" content=\"2022-03-12T19:28:03+00:00\" \/>\n<meta property=\"og:image\" content=\"https:\/\/quaisolutions.ca\/wp-content\/plugins\/elementor\/assets\/images\/placeholder.png\" \/>\n<meta name=\"twitter:card\" content=\"summary_large_image\" \/>\n<script type=\"application\/ld+json\" class=\"yoast-schema-graph\">{\"@context\":\"https:\\\/\\\/schema.org\",\"@graph\":[{\"@type\":\"WebPage\",\"@id\":\"https:\\\/\\\/quaisolutions.ca\\\/language\\\/\",\"url\":\"https:\\\/\\\/quaisolutions.ca\\\/language\\\/\",\"name\":\"Quai Solutions &#8211; Language\",\"isPartOf\":{\"@id\":\"https:\\\/\\\/quaisolutions.ca\\\/#website\"},\"primaryImageOfPage\":{\"@id\":\"https:\\\/\\\/quaisolutions.ca\\\/language\\\/#primaryimage\"},\"image\":{\"@id\":\"https:\\\/\\\/quaisolutions.ca\\\/language\\\/#primaryimage\"},\"thumbnailUrl\":\"https:\\\/\\\/quaisolutions.ca\\\/wp-content\\\/plugins\\\/elementor\\\/assets\\\/images\\\/placeholder.png\",\"datePublished\":\"2022-03-09T20:04:02+00:00\",\"dateModified\":\"2022-03-12T19:28:03+00:00\",\"description\":\"Quai Solutions specializes in high-quality docks and boat lifts, offering custom installations, maintenance, and nautical accessories to enhance your waterfront experience across Quebec.\",\"breadcrumb\":{\"@id\":\"https:\\\/\\\/quaisolutions.ca\\\/language\\\/#breadcrumb\"},\"inLanguage\":\"fr-FR\",\"potentialAction\":[{\"@type\":\"ReadAction\",\"target\":[\"https:\\\/\\\/quaisolutions.ca\\\/language\\\/\"]}]},{\"@type\":\"ImageObject\",\"inLanguage\":\"fr-FR\",\"@id\":\"https:\\\/\\\/quaisolutions.ca\\\/language\\\/#primaryimage\",\"url\":\"https:\\\/\\\/quaisolutions.ca\\\/wp-content\\\/plugins\\\/elementor\\\/assets\\\/images\\\/placeholder.png\",\"contentUrl\":\"https:\\\/\\\/quaisolutions.ca\\\/wp-content\\\/plugins\\\/elementor\\\/assets\\\/images\\\/placeholder.png\"},{\"@type\":\"BreadcrumbList\",\"@id\":\"https:\\\/\\\/quaisolutions.ca\\\/language\\\/#breadcrumb\",\"itemListElement\":[{\"@type\":\"ListItem\",\"position\":1,\"name\":\"Home\",\"item\":\"https:\\\/\\\/quaisolutions.ca\\\/fr\\\/accueil\\\/\"},{\"@type\":\"ListItem\",\"position\":2,\"name\":\"Language\"}]},{\"@type\":\"WebSite\",\"@id\":\"https:\\\/\\\/quaisolutions.ca\\\/#website\",\"url\":\"https:\\\/\\\/quaisolutions.ca\\\/\",\"name\":\"Quai Solutions\",\"description\":\"Sunstream\",\"publisher\":{\"@id\":\"https:\\\/\\\/quaisolutions.ca\\\/#organization\"},\"potentialAction\":[{\"@type\":\"SearchAction\",\"target\":{\"@type\":\"EntryPoint\",\"urlTemplate\":\"https:\\\/\\\/quaisolutions.ca\\\/?s={search_term_string}\"},\"query-input\":{\"@type\":\"PropertyValueSpecification\",\"valueRequired\":true,\"valueName\":\"search_term_string\"}}],\"inLanguage\":\"fr-FR\"},{\"@type\":\"Organization\",\"@id\":\"https:\\\/\\\/quaisolutions.ca\\\/#organization\",\"name\":\"Quai Solutions\",\"url\":\"https:\\\/\\\/quaisolutions.ca\\\/\",\"logo\":{\"@type\":\"ImageObject\",\"inLanguage\":\"fr-FR\",\"@id\":\"https:\\\/\\\/quaisolutions.ca\\\/#\\\/schema\\\/logo\\\/image\\\/\",\"url\":\"https:\\\/\\\/quaisolutions.ca\\\/wp-content\\\/uploads\\\/2026\\\/04\\\/logo-1.png\",\"contentUrl\":\"https:\\\/\\\/quaisolutions.ca\\\/wp-content\\\/uploads\\\/2026\\\/04\\\/logo-1.png\",\"width\":409,\"height\":197,\"caption\":\"Quai Solutions\"},\"image\":{\"@id\":\"https:\\\/\\\/quaisolutions.ca\\\/#\\\/schema\\\/logo\\\/image\\\/\"}}]}<\/script>\n<!-- \/ Yoast SEO plugin. -->","yoast_head_json":{"title":"Quai Solutions &#8211; Language","description":"Quai Solutions specializes in high-quality docks and boat lifts, offering custom installations, maintenance, and nautical accessories to enhance your waterfront experience across Quebec.","robots":{"index":"index","follow":"follow","max-snippet":"max-snippet:-1","max-image-preview":"max-image-preview:large","max-video-preview":"max-video-preview:-1"},"canonical":"https:\/\/quaisolutions.ca\/language\/","og_locale":"fr_FR","og_type":"article","og_title":"Quai Solutions &#8211; Language","og_description":"Quai Solutions specializes in high-quality docks and boat lifts, offering custom installations, maintenance, and nautical accessories to enhance your waterfront experience across Quebec.","og_url":"https:\/\/quaisolutions.ca\/language\/","og_site_name":"Quai Solutions","article_modified_time":"2022-03-12T19:28:03+00:00","og_image":[{"url":"https:\/\/quaisolutions.ca\/wp-content\/plugins\/elementor\/assets\/images\/placeholder.png","type":"","width":"","height":""}],"twitter_card":"summary_large_image","schema":{"@context":"https:\/\/schema.org","@graph":[{"@type":"WebPage","@id":"https:\/\/quaisolutions.ca\/language\/","url":"https:\/\/quaisolutions.ca\/language\/","name":"Quai Solutions &#8211; Language","isPartOf":{"@id":"https:\/\/quaisolutions.ca\/#website"},"primaryImageOfPage":{"@id":"https:\/\/quaisolutions.ca\/language\/#primaryimage"},"image":{"@id":"https:\/\/quaisolutions.ca\/language\/#primaryimage"},"thumbnailUrl":"https:\/\/quaisolutions.ca\/wp-content\/plugins\/elementor\/assets\/images\/placeholder.png","datePublished":"2022-03-09T20:04:02+00:00","dateModified":"2022-03-12T19:28:03+00:00","description":"Quai Solutions specializes in high-quality docks and boat lifts, offering custom installations, maintenance, and nautical accessories to enhance your waterfront experience across Quebec.","breadcrumb":{"@id":"https:\/\/quaisolutions.ca\/language\/#breadcrumb"},"inLanguage":"fr-FR","potentialAction":[{"@type":"ReadAction","target":["https:\/\/quaisolutions.ca\/language\/"]}]},{"@type":"ImageObject","inLanguage":"fr-FR","@id":"https:\/\/quaisolutions.ca\/language\/#primaryimage","url":"https:\/\/quaisolutions.ca\/wp-content\/plugins\/elementor\/assets\/images\/placeholder.png","contentUrl":"https:\/\/quaisolutions.ca\/wp-content\/plugins\/elementor\/assets\/images\/placeholder.png"},{"@type":"BreadcrumbList","@id":"https:\/\/quaisolutions.ca\/language\/#breadcrumb","itemListElement":[{"@type":"ListItem","position":1,"name":"Home","item":"https:\/\/quaisolutions.ca\/fr\/accueil\/"},{"@type":"ListItem","position":2,"name":"Language"}]},{"@type":"WebSite","@id":"https:\/\/quaisolutions.ca\/#website","url":"https:\/\/quaisolutions.ca\/","name":"Quai Solutions","description":"Sunstream","publisher":{"@id":"https:\/\/quaisolutions.ca\/#organization"},"potentialAction":[{"@type":"SearchAction","target":{"@type":"EntryPoint","urlTemplate":"https:\/\/quaisolutions.ca\/?s={search_term_string}"},"query-input":{"@type":"PropertyValueSpecification","valueRequired":true,"valueName":"search_term_string"}}],"inLanguage":"fr-FR"},{"@type":"Organization","@id":"https:\/\/quaisolutions.ca\/#organization","name":"Quai Solutions","url":"https:\/\/quaisolutions.ca\/","logo":{"@type":"ImageObject","inLanguage":"fr-FR","@id":"https:\/\/quaisolutions.ca\/#\/schema\/logo\/image\/","url":"https:\/\/quaisolutions.ca\/wp-content\/uploads\/2026\/04\/logo-1.png","contentUrl":"https:\/\/quaisolutions.ca\/wp-content\/uploads\/2026\/04\/logo-1.png","width":409,"height":197,"caption":"Quai Solutions"},"image":{"@id":"https:\/\/quaisolutions.ca\/#\/schema\/logo\/image\/"}}]}},"_links":{"self":[{"href":"https:\/\/quaisolutions.ca\/fr\/wp-json\/wp\/v2\/pages\/4946","targetHints":{"allow":["GET"]}}],"collection":[{"href":"https:\/\/quaisolutions.ca\/fr\/wp-json\/wp\/v2\/pages"}],"about":[{"href":"https:\/\/quaisolutions.ca\/fr\/wp-json\/wp\/v2\/types\/page"}],"author":[{"embeddable":true,"href":"https:\/\/quaisolutions.ca\/fr\/wp-json\/wp\/v2\/users\/1"}],"replies":[{"embeddable":true,"href":"https:\/\/quaisolutions.ca\/fr\/wp-json\/wp\/v2\/comments?post=4946"}],"version-history":[{"count":0,"href":"https:\/\/quaisolutions.ca\/fr\/wp-json\/wp\/v2\/pages\/4946\/revisions"}],"wp:attachment":[{"href":"https:\/\/quaisolutions.ca\/fr\/wp-json\/wp\/v2\/media?parent=4946"}],"curies":[{"name":"wp","href":"https:\/\/api.w.org\/{rel}","templated":true}]}}