{"id":7347,"date":"2023-07-18T20:17:48","date_gmt":"2023-07-18T20:17:48","guid":{"rendered":"https:\/\/quaisolutions.ca\/dealers\/"},"modified":"2023-07-27T16:14:55","modified_gmt":"2023-07-27T16:14:55","slug":"dealers","status":"publish","type":"page","link":"https:\/\/quaisolutions.ca\/fr\/dealers\/","title":{"rendered":"Dealers"},"content":{"rendered":"\t\t<div data-elementor-type=\"wp-page\" data-elementor-id=\"7347\" class=\"elementor elementor-7347 elementor-7255\" data-elementor-post-type=\"page\">\n\t\t\t\t\t\t<section class=\"has_eae_slider has_ae_slider elementor-section elementor-top-section elementor-element elementor-element-ae10724 elementor-section-boxed elementor-section-height-default elementor-section-height-default ae-bg-gallery-type-default\" data-eae-slider=\"98844\" data-id=\"ae10724\" data-element_type=\"section\" data-e-type=\"section\" data-settings=\"{&quot;background_background&quot;:&quot;classic&quot;}\">\n\t\t\t\t\t\t<div class=\"elementor-container elementor-column-gap-default\">\n\t\t\t\t\t<div class=\"has_eae_slider has_ae_slider elementor-column elementor-col-100 elementor-top-column elementor-element elementor-element-4f6c71f ae-bg-gallery-type-default\" data-eae-slider=\"12033\" data-id=\"4f6c71f\" data-element_type=\"column\" data-e-type=\"column\">\n\t\t\t<div class=\"elementor-widget-wrap elementor-element-populated\">\n\t\t\t\t\t\t<div class=\"elementor-element elementor-element-510c716 elementor-widget elementor-widget-heading\" data-id=\"510c716\" data-element_type=\"widget\" data-e-type=\"widget\" data-widget_type=\"heading.default\">\n\t\t\t\t<div class=\"elementor-widget-container\">\n\t\t\t\t\t<h2 class=\"elementor-heading-title elementor-size-default\">Nos d\u00e9taillants<\/h2>\t\t\t\t<\/div>\n\t\t\t\t<\/div>\n\t\t\t\t<div class=\"elementor-element elementor-element-4725d6b elementor-widget elementor-widget-heading\" data-id=\"4725d6b\" data-element_type=\"widget\" data-e-type=\"widget\" data-widget_type=\"heading.default\">\n\t\t\t\t<div class=\"elementor-widget-container\">\n\t\t\t\t\t<h2 class=\"elementor-heading-title elementor-size-default\">Nous exp\u00e9dions partout en province, contactez-nous pour plus de d\u00e9tails +1 (438) 509-7824.<\/h2>\t\t\t\t<\/div>\n\t\t\t\t<\/div>\n\t\t\t\t<div class=\"elementor-element elementor-element-4345f8a elementor-hidden-desktop elementor-hidden-tablet elementor-widget elementor-widget-spacer\" data-id=\"4345f8a\" data-element_type=\"widget\" data-e-type=\"widget\" data-widget_type=\"spacer.default\">\n\t\t\t\t<div class=\"elementor-widget-container\">\n\t\t\t\t\t\t\t<div class=\"elementor-spacer\">\n\t\t\t<div class=\"elementor-spacer-inner\"><\/div>\n\t\t<\/div>\n\t\t\t\t\t\t<\/div>\n\t\t\t\t<\/div>\n\t\t\t\t\t<\/div>\n\t\t<\/div>\n\t\t\t\t\t<\/div>\n\t\t<\/section>\n\t\t\t\t<section class=\"has_eae_slider has_ae_slider elementor-section elementor-top-section elementor-element elementor-element-17acd49 elementor-section-boxed elementor-section-height-default elementor-section-height-default ae-bg-gallery-type-default\" data-eae-slider=\"49579\" data-id=\"17acd49\" data-element_type=\"section\" data-e-type=\"section\">\n\t\t\t\t\t\t<div class=\"elementor-container elementor-column-gap-default\">\n\t\t\t\t\t<div class=\"has_eae_slider has_ae_slider elementor-column elementor-col-100 elementor-top-column elementor-element elementor-element-9c42873 ae-bg-gallery-type-default\" data-eae-slider=\"85696\" data-id=\"9c42873\" data-element_type=\"column\" data-e-type=\"column\">\n\t\t\t<div class=\"elementor-widget-wrap elementor-element-populated\">\n\t\t\t\t\t\t<div class=\"elementor-element elementor-element-40ef106 elementor-widget elementor-widget-shortcode\" data-id=\"40ef106\" data-element_type=\"widget\" data-e-type=\"widget\" data-widget_type=\"shortcode.default\">\n\t\t\t\t<div class=\"elementor-widget-container\">\n\t\t\t\t\t\t\t<div class=\"elementor-shortcode\">[csl-store-list]<\/div>\n\t\t\t\t\t\t<\/div>\n\t\t\t\t<\/div>\n\t\t\t\t\t<\/div>\n\t\t<\/div>\n\t\t\t\t\t<\/div>\n\t\t<\/section>\n\t\t\t\t<\/div>\n\t\t","protected":false},"excerpt":{"rendered":"<p>Nos d\u00e9taillants Nous exp\u00e9dions partout en province, contactez-nous pour plus de d\u00e9tails +1 (438) 509-7824. [csl-store-list]<\/p>\n","protected":false},"author":1,"featured_media":0,"parent":0,"menu_order":0,"comment_status":"closed","ping_status":"closed","template":"","meta":{"_acf_changed":false,"footnotes":""},"class_list":["post-7347","page","type-page","status-publish","hentry"],"acf":[],"yoast_head":"<!-- This site is optimized with the Yoast SEO plugin v27.3 - https:\/\/yoast.com\/product\/yoast-seo-wordpress\/ -->\n<title>Quai Solutions &#8211; Dealers<\/title>\n<meta name=\"description\" content=\"Quai Solutions specializes in high-quality docks and boat lifts, offering custom installations, maintenance, and nautical accessories to enhance your waterfront experience across Quebec.\" \/>\n<meta name=\"robots\" content=\"index, follow, max-snippet:-1, max-image-preview:large, max-video-preview:-1\" \/>\n<link rel=\"canonical\" href=\"https:\/\/quaisolutions.ca\/dealers\/\" \/>\n<meta property=\"og:locale\" content=\"fr_FR\" \/>\n<meta property=\"og:type\" content=\"article\" \/>\n<meta property=\"og:title\" content=\"Quai Solutions &#8211; Dealers\" \/>\n<meta property=\"og:description\" content=\"Quai Solutions specializes in high-quality docks and boat lifts, offering custom installations, maintenance, and nautical accessories to enhance your waterfront experience across Quebec.\" \/>\n<meta property=\"og:url\" content=\"https:\/\/quaisolutions.ca\/dealers\/\" \/>\n<meta property=\"og:site_name\" content=\"Quai Solutions\" \/>\n<meta property=\"article:modified_time\" content=\"2023-07-27T16:14:55+00:00\" \/>\n<meta property=\"og:image\" content=\"https:\/\/quaisolutions.ca\/wp-content\/uploads\/2026\/04\/logo-1.png\" \/>\n\t<meta property=\"og:image:width\" content=\"409\" \/>\n\t<meta property=\"og:image:height\" content=\"197\" \/>\n\t<meta property=\"og:image:type\" content=\"image\/png\" \/>\n<meta name=\"twitter:card\" content=\"summary_large_image\" \/>\n<script type=\"application\/ld+json\" class=\"yoast-schema-graph\">{\"@context\":\"https:\\\/\\\/schema.org\",\"@graph\":[{\"@type\":\"WebPage\",\"@id\":\"https:\\\/\\\/quaisolutions.ca\\\/dealers\\\/\",\"url\":\"https:\\\/\\\/quaisolutions.ca\\\/dealers\\\/\",\"name\":\"Quai Solutions &#8211; Dealers\",\"isPartOf\":{\"@id\":\"https:\\\/\\\/quaisolutions.ca\\\/#website\"},\"datePublished\":\"2023-07-18T20:17:48+00:00\",\"dateModified\":\"2023-07-27T16:14:55+00:00\",\"description\":\"Quai Solutions specializes in high-quality docks and boat lifts, offering custom installations, maintenance, and nautical accessories to enhance your waterfront experience across Quebec.\",\"breadcrumb\":{\"@id\":\"https:\\\/\\\/quaisolutions.ca\\\/dealers\\\/#breadcrumb\"},\"inLanguage\":\"fr-FR\",\"potentialAction\":[{\"@type\":\"ReadAction\",\"target\":[\"https:\\\/\\\/quaisolutions.ca\\\/dealers\\\/\"]}]},{\"@type\":\"BreadcrumbList\",\"@id\":\"https:\\\/\\\/quaisolutions.ca\\\/dealers\\\/#breadcrumb\",\"itemListElement\":[{\"@type\":\"ListItem\",\"position\":1,\"name\":\"Home\",\"item\":\"https:\\\/\\\/quaisolutions.ca\\\/fr\\\/accueil\\\/\"},{\"@type\":\"ListItem\",\"position\":2,\"name\":\"Dealers\"}]},{\"@type\":\"WebSite\",\"@id\":\"https:\\\/\\\/quaisolutions.ca\\\/#website\",\"url\":\"https:\\\/\\\/quaisolutions.ca\\\/\",\"name\":\"Quai Solutions\",\"description\":\"Sunstream\",\"publisher\":{\"@id\":\"https:\\\/\\\/quaisolutions.ca\\\/#organization\"},\"potentialAction\":[{\"@type\":\"SearchAction\",\"target\":{\"@type\":\"EntryPoint\",\"urlTemplate\":\"https:\\\/\\\/quaisolutions.ca\\\/?s={search_term_string}\"},\"query-input\":{\"@type\":\"PropertyValueSpecification\",\"valueRequired\":true,\"valueName\":\"search_term_string\"}}],\"inLanguage\":\"fr-FR\"},{\"@type\":\"Organization\",\"@id\":\"https:\\\/\\\/quaisolutions.ca\\\/#organization\",\"name\":\"Quai Solutions\",\"url\":\"https:\\\/\\\/quaisolutions.ca\\\/\",\"logo\":{\"@type\":\"ImageObject\",\"inLanguage\":\"fr-FR\",\"@id\":\"https:\\\/\\\/quaisolutions.ca\\\/#\\\/schema\\\/logo\\\/image\\\/\",\"url\":\"https:\\\/\\\/quaisolutions.ca\\\/wp-content\\\/uploads\\\/2026\\\/04\\\/logo-1.png\",\"contentUrl\":\"https:\\\/\\\/quaisolutions.ca\\\/wp-content\\\/uploads\\\/2026\\\/04\\\/logo-1.png\",\"width\":409,\"height\":197,\"caption\":\"Quai Solutions\"},\"image\":{\"@id\":\"https:\\\/\\\/quaisolutions.ca\\\/#\\\/schema\\\/logo\\\/image\\\/\"}}]}<\/script>\n<!-- \/ Yoast SEO plugin. -->","yoast_head_json":{"title":"Quai Solutions &#8211; Dealers","description":"Quai Solutions specializes in high-quality docks and boat lifts, offering custom installations, maintenance, and nautical accessories to enhance your waterfront experience across Quebec.","robots":{"index":"index","follow":"follow","max-snippet":"max-snippet:-1","max-image-preview":"max-image-preview:large","max-video-preview":"max-video-preview:-1"},"canonical":"https:\/\/quaisolutions.ca\/dealers\/","og_locale":"fr_FR","og_type":"article","og_title":"Quai Solutions &#8211; Dealers","og_description":"Quai Solutions specializes in high-quality docks and boat lifts, offering custom installations, maintenance, and nautical accessories to enhance your waterfront experience across Quebec.","og_url":"https:\/\/quaisolutions.ca\/dealers\/","og_site_name":"Quai Solutions","article_modified_time":"2023-07-27T16:14:55+00:00","og_image":[{"width":409,"height":197,"url":"https:\/\/quaisolutions.ca\/wp-content\/uploads\/2026\/04\/logo-1.png","type":"image\/png"}],"twitter_card":"summary_large_image","schema":{"@context":"https:\/\/schema.org","@graph":[{"@type":"WebPage","@id":"https:\/\/quaisolutions.ca\/dealers\/","url":"https:\/\/quaisolutions.ca\/dealers\/","name":"Quai Solutions &#8211; Dealers","isPartOf":{"@id":"https:\/\/quaisolutions.ca\/#website"},"datePublished":"2023-07-18T20:17:48+00:00","dateModified":"2023-07-27T16:14:55+00:00","description":"Quai Solutions specializes in high-quality docks and boat lifts, offering custom installations, maintenance, and nautical accessories to enhance your waterfront experience across Quebec.","breadcrumb":{"@id":"https:\/\/quaisolutions.ca\/dealers\/#breadcrumb"},"inLanguage":"fr-FR","potentialAction":[{"@type":"ReadAction","target":["https:\/\/quaisolutions.ca\/dealers\/"]}]},{"@type":"BreadcrumbList","@id":"https:\/\/quaisolutions.ca\/dealers\/#breadcrumb","itemListElement":[{"@type":"ListItem","position":1,"name":"Home","item":"https:\/\/quaisolutions.ca\/fr\/accueil\/"},{"@type":"ListItem","position":2,"name":"Dealers"}]},{"@type":"WebSite","@id":"https:\/\/quaisolutions.ca\/#website","url":"https:\/\/quaisolutions.ca\/","name":"Quai Solutions","description":"Sunstream","publisher":{"@id":"https:\/\/quaisolutions.ca\/#organization"},"potentialAction":[{"@type":"SearchAction","target":{"@type":"EntryPoint","urlTemplate":"https:\/\/quaisolutions.ca\/?s={search_term_string}"},"query-input":{"@type":"PropertyValueSpecification","valueRequired":true,"valueName":"search_term_string"}}],"inLanguage":"fr-FR"},{"@type":"Organization","@id":"https:\/\/quaisolutions.ca\/#organization","name":"Quai Solutions","url":"https:\/\/quaisolutions.ca\/","logo":{"@type":"ImageObject","inLanguage":"fr-FR","@id":"https:\/\/quaisolutions.ca\/#\/schema\/logo\/image\/","url":"https:\/\/quaisolutions.ca\/wp-content\/uploads\/2026\/04\/logo-1.png","contentUrl":"https:\/\/quaisolutions.ca\/wp-content\/uploads\/2026\/04\/logo-1.png","width":409,"height":197,"caption":"Quai Solutions"},"image":{"@id":"https:\/\/quaisolutions.ca\/#\/schema\/logo\/image\/"}}]}},"_links":{"self":[{"href":"https:\/\/quaisolutions.ca\/fr\/wp-json\/wp\/v2\/pages\/7347","targetHints":{"allow":["GET"]}}],"collection":[{"href":"https:\/\/quaisolutions.ca\/fr\/wp-json\/wp\/v2\/pages"}],"about":[{"href":"https:\/\/quaisolutions.ca\/fr\/wp-json\/wp\/v2\/types\/page"}],"author":[{"embeddable":true,"href":"https:\/\/quaisolutions.ca\/fr\/wp-json\/wp\/v2\/users\/1"}],"replies":[{"embeddable":true,"href":"https:\/\/quaisolutions.ca\/fr\/wp-json\/wp\/v2\/comments?post=7347"}],"version-history":[{"count":0,"href":"https:\/\/quaisolutions.ca\/fr\/wp-json\/wp\/v2\/pages\/7347\/revisions"}],"wp:attachment":[{"href":"https:\/\/quaisolutions.ca\/fr\/wp-json\/wp\/v2\/media?parent=7347"}],"curies":[{"name":"wp","href":"https:\/\/api.w.org\/{rel}","templated":true}]}}