{"id":8360,"date":"2023-04-06T16:33:08","date_gmt":"2023-04-06T16:33:08","guid":{"rendered":"https:\/\/quaisolutions.ca\/signin\/"},"modified":"2024-05-17T17:38:32","modified_gmt":"2024-05-17T17:38:32","slug":"signin","status":"publish","type":"page","link":"https:\/\/quaisolutions.ca\/fr\/signin\/","title":{"rendered":"signin"},"content":{"rendered":"\t\t<div data-elementor-type=\"wp-page\" data-elementor-id=\"8360\" class=\"elementor elementor-8360 elementor-6301\" data-elementor-post-type=\"page\">\n\t\t\t\t\t\t<section class=\"has_eae_slider has_ae_slider elementor-section elementor-top-section elementor-element elementor-element-61e98c3 elementor-section-boxed elementor-section-height-default elementor-section-height-default ae-bg-gallery-type-default\" data-eae-slider=\"31207\" data-id=\"61e98c3\" data-element_type=\"section\" data-e-type=\"section\">\n\t\t\t\t\t\t<div class=\"elementor-container elementor-column-gap-default\">\n\t\t\t\t\t<div class=\"has_eae_slider has_ae_slider elementor-column elementor-col-100 elementor-top-column elementor-element elementor-element-76e195a ae-bg-gallery-type-default\" data-eae-slider=\"23680\" data-id=\"76e195a\" data-element_type=\"column\" data-e-type=\"column\">\n\t\t\t<div class=\"elementor-widget-wrap elementor-element-populated\">\n\t\t\t\t\t\t<div class=\"elementor-element elementor-element-0e42b5d elementor-widget elementor-widget-heading\" data-id=\"0e42b5d\" data-element_type=\"widget\" data-e-type=\"widget\" data-widget_type=\"heading.default\">\n\t\t\t\t<div class=\"elementor-widget-container\">\n\t\t\t\t\t<h2 class=\"elementor-heading-title elementor-size-default\">Acc\u00e8s distributeur<\/h2>\t\t\t\t<\/div>\n\t\t\t\t<\/div>\n\t\t\t\t<div class=\"elementor-element elementor-element-2c96835 elementor-widget elementor-widget-text-editor\" data-id=\"2c96835\" data-element_type=\"widget\" data-e-type=\"widget\" data-widget_type=\"text-editor.default\">\n\t\t\t\t<div class=\"elementor-widget-container\">\n\t\t\t\t\t\t\t\t\t<p>Si vous rencontrez des probl\u00e8mes avec votre compte, veuillez nous contacter : +1 (438) 509-7824 du LUN au VEN.<\/p>\n\t\t\t\t\t\t\t\t<\/div>\n\t\t\t\t<\/div>\n\t\t\t\t<div class=\"elementor-element elementor-element-5c4102c elementor-button-align-stretch elementor-widget elementor-widget-login\" data-id=\"5c4102c\" data-element_type=\"widget\" data-e-type=\"widget\" data-widget_type=\"login.default\">\n\t\t\t\t<div class=\"elementor-widget-container\">\n\t\t\t\t\t\t\t<form class=\"elementor-login elementor-form\" method=\"post\" action=\"https:\/\/quaisolutions.ca\/fr\/wp-login.php\" aria-label=\"Login form\">\n\t\t\t<input type=\"hidden\" name=\"redirect_to\" value=\"https:\/\/quaisolutions.ca\/customer-area\/dashboard\/\">\n\t\t\t<div class=\"elementor-form-fields-wrapper\">\n\t\t\t\t<div class=\"elementor-field-type-text elementor-field-group elementor-column elementor-col-100 elementor-field-required\">\n\t\t\t\t\t<label for=\"user-5c4102c\" class=\"elementor-field-label elementor-screen-only\">Nom d'utilisateur ou adresse courriel<\/label>\n\t\t\t\t\t<input size=\"1\" type=\"text\" name=\"log\" id=\"user-5c4102c\" placeholder=\"Nom d&#039;utilisateur ou adresse courriel\" class=\"elementor-field elementor-field-textual elementor-size-lg\">\n\t\t\t\t<\/div>\n\t\t\t\t<div class=\"elementor-field-type-text elementor-field-group elementor-column elementor-col-100 elementor-field-required\">\n\t\t\t\t\t<label for=\"password-5c4102c\" class=\"elementor-field-label elementor-screen-only\">Mot de passe<\/label>\n\t\t\t\t\t<input size=\"1\" type=\"password\" name=\"pwd\" id=\"password-5c4102c\" placeholder=\"Mot de passe\" class=\"elementor-field elementor-field-textual elementor-size-lg\">\n\t\t\t\t<\/div>\n\n\t\t\t\t\n\t\t\t\t<div class=\"elementor-field-group elementor-column elementor-field-type-submit elementor-col-100\">\n\t\t\t\t\t<button type=\"submit\" class=\"elementor-size-md elementor-button\" name=\"wp-submit\">\n\t\t\t\t\t\t\t\t\t\t\t\t\t\t\t<span class=\"elementor-button-text\">Connexion<\/span>\n\t\t\t\t\t\t\t\t\t\t\t\t<\/button>\n\t\t\t\t<\/div>\n\n\t\t\t\t\t\t\t<\/div>\n\t\t<\/form>\n\t\t\t\t\t\t<\/div>\n\t\t\t\t<\/div>\n\t\t\t\t<div class=\"ae-visibility-hidden elementor-element elementor-element-0c51097 elementor-align-justify elementor-widget elementor-widget-button\" data-id=\"0c51097\" data-element_type=\"widget\" data-e-type=\"widget\" data-widget_type=\"button.default\">\n\t\t\t\t<div class=\"elementor-widget-container\">\n\t\t\t\t\t\t\t\t\t<div class=\"elementor-button-wrapper\">\n\t\t\t\t\t<a class=\"elementor-button elementor-button-link elementor-size-md\" href=\"https:\/\/quaisolutions.ca\/customer-area\/dashboard\/\">\n\t\t\t\t\t\t<span class=\"elementor-button-content-wrapper\">\n\t\t\t\t\t\t\t\t\t<span class=\"elementor-button-text\">Aller \u00e0 mon compte<\/span>\n\t\t\t\t\t<\/span>\n\t\t\t\t\t<\/a>\n\t\t\t\t<\/div>\n\t\t\t\t\t\t\t\t<\/div>\n\t\t\t\t<\/div>\n\t\t\t\t<div class=\"elementor-element elementor-element-d8567cb elementor-widget elementor-widget-text-editor\" data-id=\"d8567cb\" data-element_type=\"widget\" data-e-type=\"widget\" data-widget_type=\"text-editor.default\">\n\t\t\t\t<div class=\"elementor-widget-container\">\n\t\t\t\t\t\t\t\t\t<p>Vous serez rediriger sur votre compte.<\/p>\n\t\t\t\t\t\t\t\t<\/div>\n\t\t\t\t<\/div>\n\t\t\t\t\t<\/div>\n\t\t<\/div>\n\t\t\t\t\t<\/div>\n\t\t<\/section>\n\t\t\t\t<\/div>\n\t\t","protected":false},"excerpt":{"rendered":"<p>Acc\u00e8s distributeur Si vous rencontrez des probl\u00e8mes avec votre compte, veuillez nous contacter : +1 (438) 509-7824 du LUN au VEN. Aller \u00e0 mon compte Vous serez rediriger sur votre compte.<\/p>\n","protected":false},"author":1,"featured_media":0,"parent":0,"menu_order":0,"comment_status":"closed","ping_status":"closed","template":"","meta":{"_acf_changed":false,"footnotes":""},"class_list":["post-8360","page","type-page","status-publish","hentry"],"acf":[],"yoast_head":"<!-- This site is optimized with the Yoast SEO plugin v27.3 - https:\/\/yoast.com\/product\/yoast-seo-wordpress\/ -->\n<title>Quai Solutions &#8211; signin<\/title>\n<meta name=\"description\" content=\"Quai Solutions specializes in high-quality docks and boat lifts, offering custom installations, maintenance, and nautical accessories to enhance your waterfront experience across Quebec.\" \/>\n<meta name=\"robots\" content=\"index, follow, max-snippet:-1, max-image-preview:large, max-video-preview:-1\" \/>\n<link rel=\"canonical\" href=\"https:\/\/quaisolutions.ca\/signin\/\" \/>\n<meta property=\"og:locale\" content=\"fr_FR\" \/>\n<meta property=\"og:type\" content=\"article\" \/>\n<meta property=\"og:title\" content=\"Quai Solutions &#8211; signin\" \/>\n<meta property=\"og:description\" content=\"Quai Solutions specializes in high-quality docks and boat lifts, offering custom installations, maintenance, and nautical accessories to enhance your waterfront experience across Quebec.\" \/>\n<meta property=\"og:url\" content=\"https:\/\/quaisolutions.ca\/signin\/\" \/>\n<meta property=\"og:site_name\" content=\"Quai Solutions\" \/>\n<meta property=\"article:modified_time\" content=\"2024-05-17T17:38:32+00:00\" \/>\n<meta property=\"og:image\" content=\"https:\/\/quaisolutions.ca\/wp-content\/uploads\/2026\/04\/logo-1.png\" \/>\n\t<meta property=\"og:image:width\" content=\"409\" \/>\n\t<meta property=\"og:image:height\" content=\"197\" \/>\n\t<meta property=\"og:image:type\" content=\"image\/png\" \/>\n<meta name=\"twitter:card\" content=\"summary_large_image\" \/>\n<script type=\"application\/ld+json\" class=\"yoast-schema-graph\">{\"@context\":\"https:\\\/\\\/schema.org\",\"@graph\":[{\"@type\":\"WebPage\",\"@id\":\"https:\\\/\\\/quaisolutions.ca\\\/signin\\\/\",\"url\":\"https:\\\/\\\/quaisolutions.ca\\\/signin\\\/\",\"name\":\"Quai Solutions &#8211; signin\",\"isPartOf\":{\"@id\":\"https:\\\/\\\/quaisolutions.ca\\\/#website\"},\"datePublished\":\"2023-04-06T16:33:08+00:00\",\"dateModified\":\"2024-05-17T17:38:32+00:00\",\"description\":\"Quai Solutions specializes in high-quality docks and boat lifts, offering custom installations, maintenance, and nautical accessories to enhance your waterfront experience across Quebec.\",\"breadcrumb\":{\"@id\":\"https:\\\/\\\/quaisolutions.ca\\\/signin\\\/#breadcrumb\"},\"inLanguage\":\"fr-FR\",\"potentialAction\":[{\"@type\":\"ReadAction\",\"target\":[\"https:\\\/\\\/quaisolutions.ca\\\/signin\\\/\"]}]},{\"@type\":\"BreadcrumbList\",\"@id\":\"https:\\\/\\\/quaisolutions.ca\\\/signin\\\/#breadcrumb\",\"itemListElement\":[{\"@type\":\"ListItem\",\"position\":1,\"name\":\"Home\",\"item\":\"https:\\\/\\\/quaisolutions.ca\\\/fr\\\/accueil\\\/\"},{\"@type\":\"ListItem\",\"position\":2,\"name\":\"signin\"}]},{\"@type\":\"WebSite\",\"@id\":\"https:\\\/\\\/quaisolutions.ca\\\/#website\",\"url\":\"https:\\\/\\\/quaisolutions.ca\\\/\",\"name\":\"Quai Solutions\",\"description\":\"Sunstream\",\"publisher\":{\"@id\":\"https:\\\/\\\/quaisolutions.ca\\\/#organization\"},\"potentialAction\":[{\"@type\":\"SearchAction\",\"target\":{\"@type\":\"EntryPoint\",\"urlTemplate\":\"https:\\\/\\\/quaisolutions.ca\\\/?s={search_term_string}\"},\"query-input\":{\"@type\":\"PropertyValueSpecification\",\"valueRequired\":true,\"valueName\":\"search_term_string\"}}],\"inLanguage\":\"fr-FR\"},{\"@type\":\"Organization\",\"@id\":\"https:\\\/\\\/quaisolutions.ca\\\/#organization\",\"name\":\"Quai Solutions\",\"url\":\"https:\\\/\\\/quaisolutions.ca\\\/\",\"logo\":{\"@type\":\"ImageObject\",\"inLanguage\":\"fr-FR\",\"@id\":\"https:\\\/\\\/quaisolutions.ca\\\/#\\\/schema\\\/logo\\\/image\\\/\",\"url\":\"https:\\\/\\\/quaisolutions.ca\\\/wp-content\\\/uploads\\\/2026\\\/04\\\/logo-1.png\",\"contentUrl\":\"https:\\\/\\\/quaisolutions.ca\\\/wp-content\\\/uploads\\\/2026\\\/04\\\/logo-1.png\",\"width\":409,\"height\":197,\"caption\":\"Quai Solutions\"},\"image\":{\"@id\":\"https:\\\/\\\/quaisolutions.ca\\\/#\\\/schema\\\/logo\\\/image\\\/\"}}]}<\/script>\n<!-- \/ Yoast SEO plugin. -->","yoast_head_json":{"title":"Quai Solutions &#8211; signin","description":"Quai Solutions specializes in high-quality docks and boat lifts, offering custom installations, maintenance, and nautical accessories to enhance your waterfront experience across Quebec.","robots":{"index":"index","follow":"follow","max-snippet":"max-snippet:-1","max-image-preview":"max-image-preview:large","max-video-preview":"max-video-preview:-1"},"canonical":"https:\/\/quaisolutions.ca\/signin\/","og_locale":"fr_FR","og_type":"article","og_title":"Quai Solutions &#8211; signin","og_description":"Quai Solutions specializes in high-quality docks and boat lifts, offering custom installations, maintenance, and nautical accessories to enhance your waterfront experience across Quebec.","og_url":"https:\/\/quaisolutions.ca\/signin\/","og_site_name":"Quai Solutions","article_modified_time":"2024-05-17T17:38:32+00:00","og_image":[{"width":409,"height":197,"url":"https:\/\/quaisolutions.ca\/wp-content\/uploads\/2026\/04\/logo-1.png","type":"image\/png"}],"twitter_card":"summary_large_image","schema":{"@context":"https:\/\/schema.org","@graph":[{"@type":"WebPage","@id":"https:\/\/quaisolutions.ca\/signin\/","url":"https:\/\/quaisolutions.ca\/signin\/","name":"Quai Solutions &#8211; signin","isPartOf":{"@id":"https:\/\/quaisolutions.ca\/#website"},"datePublished":"2023-04-06T16:33:08+00:00","dateModified":"2024-05-17T17:38:32+00:00","description":"Quai Solutions specializes in high-quality docks and boat lifts, offering custom installations, maintenance, and nautical accessories to enhance your waterfront experience across Quebec.","breadcrumb":{"@id":"https:\/\/quaisolutions.ca\/signin\/#breadcrumb"},"inLanguage":"fr-FR","potentialAction":[{"@type":"ReadAction","target":["https:\/\/quaisolutions.ca\/signin\/"]}]},{"@type":"BreadcrumbList","@id":"https:\/\/quaisolutions.ca\/signin\/#breadcrumb","itemListElement":[{"@type":"ListItem","position":1,"name":"Home","item":"https:\/\/quaisolutions.ca\/fr\/accueil\/"},{"@type":"ListItem","position":2,"name":"signin"}]},{"@type":"WebSite","@id":"https:\/\/quaisolutions.ca\/#website","url":"https:\/\/quaisolutions.ca\/","name":"Quai Solutions","description":"Sunstream","publisher":{"@id":"https:\/\/quaisolutions.ca\/#organization"},"potentialAction":[{"@type":"SearchAction","target":{"@type":"EntryPoint","urlTemplate":"https:\/\/quaisolutions.ca\/?s={search_term_string}"},"query-input":{"@type":"PropertyValueSpecification","valueRequired":true,"valueName":"search_term_string"}}],"inLanguage":"fr-FR"},{"@type":"Organization","@id":"https:\/\/quaisolutions.ca\/#organization","name":"Quai Solutions","url":"https:\/\/quaisolutions.ca\/","logo":{"@type":"ImageObject","inLanguage":"fr-FR","@id":"https:\/\/quaisolutions.ca\/#\/schema\/logo\/image\/","url":"https:\/\/quaisolutions.ca\/wp-content\/uploads\/2026\/04\/logo-1.png","contentUrl":"https:\/\/quaisolutions.ca\/wp-content\/uploads\/2026\/04\/logo-1.png","width":409,"height":197,"caption":"Quai Solutions"},"image":{"@id":"https:\/\/quaisolutions.ca\/#\/schema\/logo\/image\/"}}]}},"_links":{"self":[{"href":"https:\/\/quaisolutions.ca\/fr\/wp-json\/wp\/v2\/pages\/8360","targetHints":{"allow":["GET"]}}],"collection":[{"href":"https:\/\/quaisolutions.ca\/fr\/wp-json\/wp\/v2\/pages"}],"about":[{"href":"https:\/\/quaisolutions.ca\/fr\/wp-json\/wp\/v2\/types\/page"}],"author":[{"embeddable":true,"href":"https:\/\/quaisolutions.ca\/fr\/wp-json\/wp\/v2\/users\/1"}],"replies":[{"embeddable":true,"href":"https:\/\/quaisolutions.ca\/fr\/wp-json\/wp\/v2\/comments?post=8360"}],"version-history":[{"count":0,"href":"https:\/\/quaisolutions.ca\/fr\/wp-json\/wp\/v2\/pages\/8360\/revisions"}],"wp:attachment":[{"href":"https:\/\/quaisolutions.ca\/fr\/wp-json\/wp\/v2\/media?parent=8360"}],"curies":[{"name":"wp","href":"https:\/\/api.w.org\/{rel}","templated":true}]}}